{"id":1015,"date":"2024-08-26T12:10:36","date_gmt":"2024-08-26T15:10:36","guid":{"rendered":"https:\/\/valeriaparodi.com\/?post_type=product&#038;p=1015"},"modified":"2024-08-26T12:15:52","modified_gmt":"2024-08-26T15:15:52","slug":"programa-level-up","status":"publish","type":"product","link":"https:\/\/valeriaparodi.com\/index.php\/product\/programa-level-up\/","title":{"rendered":"Programa Level Up"},"content":{"rendered":"<p><strong>\u00bfQuer\u00e9s lograr una imagen de impacto?<\/strong><\/p>\n<p><strong>4 Clases online en vivo.<\/strong><\/p>\n<p><strong>Martes 8, 15, 22, 29 de Octubre de 2024<\/strong><\/p>\n<ul class=\"elementor-icon-list-items\">\n<li class=\"elementor-icon-list-item\"><span class=\"elementor-icon-list-text\">Clave de estilos, lenguaje corporal, marca personal.<\/span><\/li>\n<li class=\"elementor-icon-list-item\"><i class=\"far fa-dot-circle\" aria-hidden=\"true\"><\/i><span class=\"elementor-icon-list-text\">Colores para cada situaci\u00f3n de uso, colores personales, combinaciones.<\/span><\/li>\n<li class=\"elementor-icon-list-item\"><i class=\"far fa-dot-circle\" aria-hidden=\"true\"><\/i><span class=\"elementor-icon-list-text\">Imagen interna (Autoconocimiento) h\u00e1bitos que van a cambiar el curso de tu vida. Con ALE FERRARI Coach.<\/span><\/li>\n<li class=\"elementor-icon-list-item\"><i class=\"far fa-dot-circle\" aria-hidden=\"true\"><\/i><span class=\"elementor-icon-list-text\">Armado de looks estrat\u00e9gicos, m\u00e9todo 369, ilusi\u00f3n \u00f3ptica, imagen p\u00fablica y profesional. Guardarropas.<\/span><\/li>\n<\/ul>\n","protected":false},"excerpt":{"rendered":"<p><strong>\u00bfQuer\u00e9s lograr una imagen de impacto?<\/strong><\/p>\n<ul class=\"elementor-icon-list-items\">\n<li class=\"elementor-icon-list-item\"><span class=\"elementor-icon-list-text\">Clave de estilos, lenguaje corporal, marca personal.<\/span><\/li>\n<li class=\"elementor-icon-list-item\"><i class=\"far fa-dot-circle\" aria-hidden=\"true\"><\/i><span class=\"elementor-icon-list-text\">Colores para cada situaci\u00f3n de uso, colores personales, combinaciones.<\/span><\/li>\n<li class=\"elementor-icon-list-item\"><i class=\"far fa-dot-circle\" aria-hidden=\"true\"><\/i><span class=\"elementor-icon-list-text\">Imagen interna (Autoconocimiento) h\u00e1bitos que van a cambiar el curso de tu vida. Con ALE FERRARI Coach.<\/span><\/li>\n<li class=\"elementor-icon-list-item\"><i class=\"far fa-dot-circle\" aria-hidden=\"true\"><\/i><span class=\"elementor-icon-list-text\">Armado de looks estrat\u00e9gicos, m\u00e9todo 369, ilusi\u00f3n \u00f3ptica, imagen p\u00fablica y profesional. Guardarropas.<\/span><\/li>\n<\/ul>\n","protected":false},"featured_media":1016,"template":"","meta":{"site-sidebar-layout":"default","site-content-layout":"","ast-site-content-layout":"default","site-content-style":"default","site-sidebar-style":"default","ast-global-header-display":"","ast-banner-title-visibility":"","ast-main-header-display":"","ast-hfb-above-header-display":"","ast-hfb-below-header-display":"","ast-hfb-mobile-header-display":"","site-post-title":"","ast-breadcrumbs-content":"","ast-featured-img":"","footer-sml-layout":"","ast-disable-related-posts":"","theme-transparent-header-meta":"default","adv-header-id-meta":"","stick-header-meta":"","header-above-stick-meta":"","header-main-stick-meta":"","header-below-stick-meta":"","astra-migrate-meta-layouts":"set","ast-page-background-enabled":"default","ast-page-background-meta":{"desktop":{"background-color":"var(--ast-global-color-4)","background-image":"","background-repeat":"repeat","background-position":"center center","background-size":"auto","background-attachment":"scroll","background-type":"","background-media":"","overlay-type":"","overlay-color":"","overlay-opacity":"","overlay-gradient":""},"tablet":{"background-color":"","background-image":"","background-repeat":"repeat","background-position":"center center","background-size":"auto","background-attachment":"scroll","background-type":"","background-media":"","overlay-type":"","overlay-color":"","overlay-opacity":"","overlay-gradient":""},"mobile":{"background-color":"","background-image":"","background-repeat":"repeat","background-position":"center center","background-size":"auto","background-attachment":"scroll","background-type":"","background-media":"","overlay-type":"","overlay-color":"","overlay-opacity":"","overlay-gradient":""}},"ast-content-background-meta":{"desktop":{"background-color":"var(--ast-global-color-5)","background-image":"","background-repeat":"repeat","background-position":"center center","background-size":"auto","background-attachment":"scroll","background-type":"","background-media":"","overlay-type":"","overlay-color":"","overlay-opacity":"","overlay-gradient":""},"tablet":{"background-color":"var(--ast-global-color-5)","background-image":"","background-repeat":"repeat","background-position":"center center","background-size":"auto","background-attachment":"scroll","background-type":"","background-media":"","overlay-type":"","overlay-color":"","overlay-opacity":"","overlay-gradient":""},"mobile":{"background-color":"var(--ast-global-color-5)","background-image":"","background-repeat":"repeat","background-position":"center center","background-size":"auto","background-attachment":"scroll","background-type":"","background-media":"","overlay-type":"","overlay-color":"","overlay-opacity":"","overlay-gradient":""}}},"product_brand":[],"product_cat":[26],"product_tag":[],"class_list":{"0":"post-1015","1":"product","2":"type-product","3":"status-publish","4":"has-post-thumbnail","6":"product_cat-taller-online","7":"desktop-align-left","8":"tablet-align-left","9":"mobile-align-left","11":"first","12":"instock","13":"sale","14":"virtual","15":"purchasable","16":"product-type-simple"},"_links":{"self":[{"href":"https:\/\/valeriaparodi.com\/index.php\/wp-json\/wp\/v2\/product\/1015","targetHints":{"allow":["GET"]}}],"collection":[{"href":"https:\/\/valeriaparodi.com\/index.php\/wp-json\/wp\/v2\/product"}],"about":[{"href":"https:\/\/valeriaparodi.com\/index.php\/wp-json\/wp\/v2\/types\/product"}],"version-history":[{"count":3,"href":"https:\/\/valeriaparodi.com\/index.php\/wp-json\/wp\/v2\/product\/1015\/revisions"}],"predecessor-version":[{"id":1035,"href":"https:\/\/valeriaparodi.com\/index.php\/wp-json\/wp\/v2\/product\/1015\/revisions\/1035"}],"wp:featuredmedia":[{"embeddable":true,"href":"https:\/\/valeriaparodi.com\/index.php\/wp-json\/wp\/v2\/media\/1016"}],"wp:attachment":[{"href":"https:\/\/valeriaparodi.com\/index.php\/wp-json\/wp\/v2\/media?parent=1015"}],"wp:term":[{"taxonomy":"product_brand","embeddable":true,"href":"https:\/\/valeriaparodi.com\/index.php\/wp-json\/wp\/v2\/product_brand?post=1015"},{"taxonomy":"product_cat","embeddable":true,"href":"https:\/\/valeriaparodi.com\/index.php\/wp-json\/wp\/v2\/product_cat?post=1015"},{"taxonomy":"product_tag","embeddable":true,"href":"https:\/\/valeriaparodi.com\/index.php\/wp-json\/wp\/v2\/product_tag?post=1015"}],"curies":[{"name":"wp","href":"https:\/\/api.w.org\/{rel}","templated":true}]}}